{"id":156,"date":"2019-06-04T09:12:51","date_gmt":"2019-06-04T09:12:51","guid":{"rendered":"http:\/\/test.kriesi.at\/minimal-portfolio\/?page_id=156"},"modified":"2019-09-12T14:33:05","modified_gmt":"2019-09-12T14:33:05","slug":"contacter-le-best-western-hotel-le-beffroi-a-loos","status":"publish","type":"page","link":"https:\/\/staging.hotel-le-beffroi.com\/index.php\/contacter-le-best-western-hotel-le-beffroi-a-loos\/","title":{"rendered":"Contacter le Best Western H\u00f4tel Le Beffroi \u00e0 Loos"},"content":{"rendered":"<div  class='av_gmaps_sc_main_wrap av_gmaps_main_wrap '><div id='av_gmap_0' class='avia-google-map-container avia-google-map-sc av_gmaps_show_unconditionally av-no-fallback-img ' data-mapid='av_gmap_0'  style='height: 550px;'><a class=\"av_gmaps_browser_disabled av_text_confirm_link av_text_confirm_link_visible\" href=\"https:\/\/www.google.com\/maps\/search\/?api=1&#038;query=76%20rue%20du%20Marechal%20Foch%2059120%20Loos%20%20France\" target=\"_blank\" rel=\"noopener\">Les cartes ont \u00e9t\u00e9 d\u00e9sactiv\u00e9es par le visiteur sur ce site. Cliquer pour ouvrir la carte dans une nouvelle fen\u00eatre.<\/a><\/div><\/div>\n\n<style type=\"text\/css\" data-created_by=\"avia_inline_auto\" id=\"style-css-av-4pv3n0-18a93e28ce59a8696899ec5ce1f0faa6\">\n#top .hr.hr-invisible.av-4pv3n0-18a93e28ce59a8696899ec5ce1f0faa6{\nheight:20px;\n}\n<\/style>\n<div  class='hr av-4pv3n0-18a93e28ce59a8696899ec5ce1f0faa6 hr-invisible  avia-builder-el-1  el_after_av_google_map  el_before_av_one_fourth  avia-builder-el-first '><span class='hr-inner '><span class=\"hr-inner-style\"><\/span><\/span><\/div>\n\n<style type=\"text\/css\" data-created_by=\"avia_inline_auto\" id=\"style-css-av-1tgdlg-e810ddf31401c9f4a9192763102e4599\">\n.flex_column.av-1tgdlg-e810ddf31401c9f4a9192763102e4599{\nborder-radius:0px 0px 0px 0px;\npadding:0px 0px 0px 0px;\n}\n<\/style>\n<div  class='flex_column av-1tgdlg-e810ddf31401c9f4a9192763102e4599 av_one_fourth  avia-builder-el-2  el_after_av_hr  el_before_av_one_half  first flex_column_div av-animated-generic bottom-to-top av-zero-column-padding  '     ><\/div>\n\n<style type=\"text\/css\" data-created_by=\"avia_inline_auto\" id=\"style-css-av-1tgdlg-a3c97c35d47c7bbd97862baddebfef65\">\n.flex_column.av-1tgdlg-a3c97c35d47c7bbd97862baddebfef65{\nborder-radius:0px 0px 0px 0px;\npadding:0px 0px 0px 0px;\n}\n<\/style>\n<div  class='flex_column av-1tgdlg-a3c97c35d47c7bbd97862baddebfef65 av_one_half  avia-builder-el-3  el_after_av_one_fourth  el_before_av_one_fourth  flex_column_div av-animated-generic bottom-to-top av-zero-column-padding  '     ><section  class='av_textblock_section av-1j0ltg-2606e2796c5336d50acc9112d6e704ea '   itemscope=\"itemscope\" itemtype=\"https:\/\/schema.org\/CreativeWork\" ><div class='avia_textblock'  itemprop=\"text\" ><p style=\"text-align: center;\"><b>Best Western H\u00f4tel Le Beffroi\u00a0<\/b><br \/>\n76 rue du Mar\u00e9chal Foch<\/p>\n<p style=\"text-align: center;\"><b><a href=\"mailto:reception@hotel-le-beffroi.com\">reception@hotel-le-beffroi.com<\/a>\u00a0<\/b><br \/>\n+33 3 74 09 15 20<\/p>\n<\/div><\/section><\/div>\n\n<style type=\"text\/css\" data-created_by=\"avia_inline_auto\" id=\"style-css-av-1tgdlg-a3c97c35d47c7bbd97862baddebfef65\">\n.flex_column.av-1tgdlg-a3c97c35d47c7bbd97862baddebfef65{\nborder-radius:0px 0px 0px 0px;\npadding:0px 0px 0px 0px;\n}\n<\/style>\n<div  class='flex_column av-1tgdlg-a3c97c35d47c7bbd97862baddebfef65 av_one_fourth  avia-builder-el-5  el_after_av_one_half  el_before_av_hr  flex_column_div av-animated-generic bottom-to-top av-zero-column-padding  '     ><\/div>\n\n<style type=\"text\/css\" data-created_by=\"avia_inline_auto\" id=\"style-css-av-4pv3n0-18a93e28ce59a8696899ec5ce1f0faa6\">\n#top .hr.hr-invisible.av-4pv3n0-18a93e28ce59a8696899ec5ce1f0faa6{\nheight:20px;\n}\n<\/style>\n<div  class='hr av-4pv3n0-18a93e28ce59a8696899ec5ce1f0faa6 hr-invisible  avia-builder-el-6  el_after_av_one_fourth  el_before_av_section  avia-builder-el-last '><span class='hr-inner '><span class=\"hr-inner-style\"><\/span><\/span><\/div>\n<\/div><\/div><\/div><!-- close content main div --><\/div><\/div>\n<style type=\"text\/css\" data-created_by=\"avia_inline_auto\" id=\"style-css-av-4yjuwc-79e76221bbccfe37088af9457ef3a88b\">\n.avia-section.av-4yjuwc-79e76221bbccfe37088af9457ef3a88b .av-extra-border-element .av-extra-border-inner{\nbackground-color:#ffffff;\n}\n<\/style>\n<div id='av_section_1'  class='avia-section av-4yjuwc-79e76221bbccfe37088af9457ef3a88b main_color avia-section-no-padding avia-no-border-styling  avia-builder-el-7  el_after_av_hr  avia-builder-el-last  avia-bg-style-scroll av-arrow-down-section container_wrap fullsize'  ><div class='container av-section-cont-open' ><div class='template-page content  av-content-full alpha units'><div class='post-entry post-entry-type-page post-entry-156'><div class='entry-content-wrapper clearfix'>\n\n<style type=\"text\/css\" data-created_by=\"avia_inline_auto\" id=\"style-css-av-av_heading-7355a24679c070a1b357cc0a0f2b7328\">\n#top .av-special-heading.av-av_heading-7355a24679c070a1b357cc0a0f2b7328{\npadding-bottom:20px;\nfont-size:40px;\n}\nbody .av-special-heading.av-av_heading-7355a24679c070a1b357cc0a0f2b7328 .av-special-heading-tag .heading-char{\nfont-size:25px;\n}\n#top #wrap_all .av-special-heading.av-av_heading-7355a24679c070a1b357cc0a0f2b7328 .av-special-heading-tag{\nfont-size:40px;\n}\n.av-special-heading.av-av_heading-7355a24679c070a1b357cc0a0f2b7328 .av-subheading{\nfont-size:15px;\n}\n\n@media only screen and (min-width: 480px) and (max-width: 767px){ \n#top #wrap_all .av-special-heading.av-av_heading-7355a24679c070a1b357cc0a0f2b7328 .av-special-heading-tag{\nfont-size:0.8em;\n}\n}\n\n@media only screen and (max-width: 479px){ \n#top #wrap_all .av-special-heading.av-av_heading-7355a24679c070a1b357cc0a0f2b7328 .av-special-heading-tag{\nfont-size:0.8em;\n}\n}\n<\/style>\n<div  class='av-special-heading av-av_heading-7355a24679c070a1b357cc0a0f2b7328 av-special-heading-h1 blockquote modern-quote modern-centered  avia-builder-el-8  el_before_av_one_full  avia-builder-el-first  av-inherit-size'><h1 class='av-special-heading-tag'  itemprop=\"headline\"  >Un doute sur la chambre \u00e0 r\u00e9server ou nos services ? &#8211; Contactez-nous !<\/h1><div class=\"special-heading-border\"><div class=\"special-heading-inner-border\"><\/div><\/div><\/div>\n\n<style type=\"text\/css\" data-created_by=\"avia_inline_auto\" id=\"style-css-av-4m97po-9678e02aa359e16c59104539e507b765\">\n.flex_column.av-4m97po-9678e02aa359e16c59104539e507b765{\nborder-radius:0px 0px 0px 0px;\npadding:50px 50px 50px 50px;\nbackground-color:rgba(255,255,255,0.6);\n}\n<\/style>\n<div  class='flex_column av-4m97po-9678e02aa359e16c59104539e507b765 av_one_full  avia-builder-el-9  el_after_av_heading  avia-builder-el-last  first flex_column_div av-animated-generic bottom-to-top avia-full-stretch  '     ><p><form action=\"https:\/\/staging.hotel-le-beffroi.com\/index.php\/contacter-le-best-western-hotel-le-beffroi-a-loos\/\" method=\"post\" data-fields-with-error=\"Erreurs trouv\u00e9es dans les champs suivants :\" class=\"avia_ajax_form av-form-labels-hidden   avia-builder-el-10  el_before_av_hr  avia-builder-el-first  av-centered-form   \" data-avia-form-id=\"1\" data-avia-redirect='' ><fieldset><p class='  first_form  form_element form_element_third' id='element_avia_1_1'><label for=\"avia_1_1\">Nom <abbr class=\"required\" title=\"requis(e)\">*<\/abbr><\/label> <input name=\"avia_1_1\" class=\"text_input is_empty\" type=\"text\" id=\"avia_1_1\" value=\"\"  placeholder='Nom*'\/><\/p><p class='  form_element form_element_third' id='element_avia_2_1'><label for=\"avia_2_1\">E-Mail <abbr class=\"required\" title=\"requis(e)\">*<\/abbr><\/label> <input name=\"avia_2_1\" class=\"text_input is_email\" type=\"text\" id=\"avia_2_1\" value=\"\"  placeholder='E-Mail*'\/><\/p><p class='  form_element form_element_third' id='element_avia_3_1'><label for=\"avia_3_1\">Sujet <abbr class=\"required\" title=\"requis(e)\">*<\/abbr><\/label> <input name=\"avia_3_1\" class=\"text_input is_empty\" type=\"text\" id=\"avia_3_1\" value=\"\"  placeholder='Sujet*'\/><\/p><p class='  first_form  form_element form_element_half' id='element_avia_4_1'><label for=\"avia_4_1\">Date d\u2019arriv\u00e9e <abbr class=\"required\" title=\"requis(e)\">*<\/abbr><\/label> <input name=\"avia_4_1\" class=\"avia_datepicker text_input is_empty\" type=\"text\" id=\"avia_4_1\" value=\"\" placeholder=\"Date d\u2019arriv\u00e9e*\" inputmode=\"none\" \/><\/p><p class='  form_element form_element_half' id='element_avia_5_1'><label for=\"avia_5_1\">Date de d\u00e9part <abbr class=\"required\" title=\"requis(e)\">*<\/abbr><\/label> <input name=\"avia_5_1\" class=\"avia_datepicker text_input is_empty\" type=\"text\" id=\"avia_5_1\" value=\"\" placeholder=\"Date de d\u00e9part*\" inputmode=\"none\" \/><\/p><p class='  first_form  form_element form_element_half' id='element_avia_6_1'><label for=\"avia_6_1\">Invit\u00e9s <abbr class=\"required\" title=\"requis(e)\">*<\/abbr><\/label><select  name=\"avia_6_1\" class=\"select is_empty\" id=\"avia_6_1\"><option class=\"av-placeholder\" disabled=\"disabled\" selected=\"selected\" value=''>Invit\u00e9s*<\/option><option   value='1'>1<\/option><option   value='2'>2<\/option><option   value='3'>3<\/option><option   value='4'>4<\/option><option   value='5'>5<\/option><option   value='6'>6<\/option><option   value='7'>7<\/option><option   value='8'>8<\/option><\/select><\/p><p class='  form_element form_element_half' id='element_avia_7_1'><label for=\"avia_7_1\">Chambres <abbr class=\"required\" title=\"requis(e)\">*<\/abbr><\/label><select  name=\"avia_7_1\" class=\"select is_empty\" id=\"avia_7_1\"><option class=\"av-placeholder\" disabled=\"disabled\" selected=\"selected\" value=''>Chambres*<\/option><option   value='1'>1<\/option><option   value='2'>2<\/option><option   value='3'>3<\/option><option   value='4'>4<\/option><option   value='5'>5<\/option><option   value='6'>6<\/option><option   value='7'>7<\/option><option   value='8'>8<\/option><option   value='9'>9<\/option><option   value='10'>10<\/option><option   value='11'>11<\/option><option   value='12'>12<\/option><\/select><\/p><p class='  first_form  form_element form_fullwidth av-last-visible-form-element' id='element_avia_8_1'><label for=\"avia_8_1\" class=\"textare_label hidden textare_label_avia_8_1\">Informations compl\u00e9mentaires <abbr class=\"required\" title=\"requis(e)\">*<\/abbr><\/label><textarea  placeholder='Informations compl\u00e9mentaires*' name=\"avia_8_1\" class=\"text_area is_empty\" cols=\"40\" rows=\"7\" id=\"avia_8_1\" ><\/textarea><\/p><p class=\"hidden\"><input type=\"text\" name=\"avia_9_1\" class=\"hidden \" id=\"avia_9_1\" value=\"\" \/><\/p><p class=\"form_element \"><input type=\"hidden\" value=\"1\" name=\"avia_generated_form1\" \/><input type=\"submit\" value=\"Envoyer ma demande\" class=\"button\"  data-sending-label=\"Envoi\"\/><\/p><\/fieldset><\/form><div id=\"ajaxresponse_1\" class=\"ajaxresponse ajaxresponse_1 hidden\"><\/div><br \/>\n\n<style type=\"text\/css\" data-created_by=\"avia_inline_auto\" id=\"style-css-av-2yi9as-c689bb6b5632fb3c1d3864046e10d56b\">\n#top .hr.hr-invisible.av-2yi9as-c689bb6b5632fb3c1d3864046e10d56b{\nheight:60px;\n}\n<\/style>\n<div  class='hr av-2yi9as-c689bb6b5632fb3c1d3864046e10d56b hr-invisible  avia-builder-el-11  el_after_av_contact  avia-builder-el-last '><span class='hr-inner '><span class=\"hr-inner-style\"><\/span><\/span><\/div><\/p><\/div>\n","protected":false},"excerpt":{"rendered":"","protected":false},"author":2,"featured_media":0,"parent":0,"menu_order":0,"comment_status":"open","ping_status":"closed","template":"","meta":{"footnotes":""},"_links":{"self":[{"href":"https:\/\/staging.hotel-le-beffroi.com\/index.php\/wp-json\/wp\/v2\/pages\/156"}],"collection":[{"href":"https:\/\/staging.hotel-le-beffroi.com\/index.php\/wp-json\/wp\/v2\/pages"}],"about":[{"href":"https:\/\/staging.hotel-le-beffroi.com\/index.php\/wp-json\/wp\/v2\/types\/page"}],"author":[{"embeddable":true,"href":"https:\/\/staging.hotel-le-beffroi.com\/index.php\/wp-json\/wp\/v2\/users\/2"}],"replies":[{"embeddable":true,"href":"https:\/\/staging.hotel-le-beffroi.com\/index.php\/wp-json\/wp\/v2\/comments?post=156"}],"version-history":[{"count":12,"href":"https:\/\/staging.hotel-le-beffroi.com\/index.php\/wp-json\/wp\/v2\/pages\/156\/revisions"}],"predecessor-version":[{"id":921,"href":"https:\/\/staging.hotel-le-beffroi.com\/index.php\/wp-json\/wp\/v2\/pages\/156\/revisions\/921"}],"wp:attachment":[{"href":"https:\/\/staging.hotel-le-beffroi.com\/index.php\/wp-json\/wp\/v2\/media?parent=156"}],"curies":[{"name":"wp","href":"https:\/\/api.w.org\/{rel}","templated":true}]}}